{"id":5241,"date":"2022-08-03T09:50:17","date_gmt":"2022-08-03T07:50:17","guid":{"rendered":"https:\/\/climagas.cat\/gas\/"},"modified":"2022-08-03T09:50:17","modified_gmt":"2022-08-03T07:50:17","slug":"gas","status":"publish","type":"page","link":"https:\/\/climagas.cat\/es\/gas\/","title":{"rendered":"Gas"},"content":{"rendered":"<p>[et_pb_section fb_built=\u00bb1&#8243; admin_label=\u00bbFeature\u00bb _builder_version=\u00bb4.17.6&#8243; _module_preset=\u00bbdefault\u00bb background_image=\u00bbhttp:\/\/climagas.cat\/wp-content\/uploads\/2022\/08\/gas_climagas-300&#215;200.jpg\u00bb hover_enabled=\u00bb0&#8243; global_colors_info=\u00bb{}\u00bb theme_builder_area=\u00bbpost_content\u00bb title_text=\u00bbgas_climagas\u00bb sticky_enabled=\u00bb0&#8243; background_enable_color=\u00bboff\u00bb][et_pb_row column_structure=\u00bb1_2,1_2&#8243; _builder_version=\u00bb4.17.6&#8243; _module_preset=\u00bbdefault\u00bb hover_enabled=\u00bb0&#8243; global_colors_info=\u00bb{}\u00bb theme_builder_area=\u00bbpost_content\u00bb sticky_enabled=\u00bb0&#8243;][et_pb_column type=\u00bb1_2&#8243; _builder_version=\u00bb4.16&#8243; _module_preset=\u00bbdefault\u00bb global_colors_info=\u00bb{}\u00bb theme_builder_area=\u00bbpost_content\u00bb][\/et_pb_column][et_pb_column type=\u00bb1_2&#8243; _builder_version=\u00bb4.17.6&#8243; _module_preset=\u00bbdefault\u00bb background_color=\u00bbrgba(255,255,255,0.9)\u00bb custom_padding=\u00bb56px|48px|56px|48px|true|true\u00bb custom_padding_tablet=\u00bb30px|30px|30px|30px|true|true\u00bb custom_padding_phone=\u00bb|20px||20px|false|true\u00bb custom_padding_last_edited=\u00bbon|phone\u00bb hover_enabled=\u00bb0&#8243; global_colors_info=\u00bb{}\u00bb theme_builder_area=\u00bbpost_content\u00bb sticky_enabled=\u00bb0&#8243;][et_pb_text _builder_version=\u00bb4.17.6&#8243; _module_preset=\u00bb74811749-f579-4820-9d7c-37769d3a503c\u00bb header_3_font=\u00bb||||||||\u00bb header_3_text_align=\u00bbleft\u00bb header_3_text_color=\u00bb#34332e\u00bb header_3_font_size=\u00bb40px\u00bb header_3_line_height=\u00bb1.3em\u00bb background_color_gradient_start=\u00bbrgba(15,16,25,0.33)\u00bb background_color_gradient_end=\u00bbrgba(19,27,35,0.7)\u00bb hover_enabled=\u00bb0&#8243; header_3_font_size_tablet=\u00bb24px\u00bb header_3_font_size_phone=\u00bb18px\u00bb header_3_font_size_last_edited=\u00bbon|phone\u00bb global_colors_info=\u00bb{}\u00bb theme_builder_area=\u00bbpost_content\u00bb sticky_enabled=\u00bb0&#8243;]<\/p>\n<h3>Gas<\/h3>\n<p>[\/et_pb_text][et_pb_text _builder_version=\u00bb4.17.6&#8243; _module_preset=\u00bbdefault\u00bb hover_enabled=\u00bb0&#8243; global_colors_info=\u00bb{}\u00bb theme_builder_area=\u00bbpost_content\u00bb sticky_enabled=\u00bb0&#8243;]<\/p>\n<p>Somos especialistas en c\u00e1lculo, dise\u00f1o, instalaci\u00f3n y puesta en servicio de instalaciones de gas, tanto de gas natural com de gas propano (GLP) en los distintos mercados; dom\u00e9stico e industrial.<\/p>\n<p>El gas es una<span> <\/span><strong>energ\u00eda eficiente y moderna<\/strong>. Gozar\u00e1s de confort y bienestar en tu casa y tu empresa ser\u00e1 m\u00e1s competitiva y rentable con una energ\u00eda limpia y f\u00e1cil de usar.<\/p>\n<p>Los equipos que funcionan con gas son m\u00e1s econ\u00f3micos y tienen una vida \u00fatil m\u00e1s larga que los que funcionan con gas\u00f3leo. Adem\u00e1s, la instalaci\u00f3n tiene<span> <\/span><strong>menos costes de mantenimiento<\/strong>.<\/p>\n<p>[\/et_pb_text][\/et_pb_column][\/et_pb_row][\/et_pb_section][et_pb_section fb_built=\u00bb1&#8243; admin_label=\u00bbPortfolio\u00bb _builder_version=\u00bb4.16&#8243; _module_preset=\u00bbdefault\u00bb global_colors_info=\u00bb{}\u00bb][et_pb_row column_structure=\u00bb1_2,1_2&#8243; _builder_version=\u00bb4.17.6&#8243; _module_preset=\u00bbdefault\u00bb global_colors_info=\u00bb{}\u00bb][et_pb_column type=\u00bb1_2&#8243; _builder_version=\u00bb4.17.6&#8243; _module_preset=\u00bbdefault\u00bb border_radii=\u00bboff|50px|||50px\u00bb global_colors_info=\u00bb{}\u00bb][et_pb_image src=\u00bbhttp:\/\/climagas.cat\/wp-content\/uploads\/2022\/08\/02-Armario-contadores-gas.jpg\u00bb title_text=\u00bb02-Armario-contadores-gas\u00bb force_fullwidth=\u00bbon\u00bb _builder_version=\u00bb4.17.6&#8243; _module_preset=\u00bbdefault\u00bb use_background_color_gradient=\u00bbon\u00bb background_color_gradient_direction=\u00bb90deg\u00bb background_color_gradient_stops=\u00bb#f50000 49%|#fe5a25 50%|#ffffff 50%\u00bb background_color_gradient_start=\u00bb#fe5a25&#8243; background_color_gradient_start_position=\u00bb50%\u00bb background_color_gradient_end=\u00bb#ffffff\u00bb background_color_gradient_end_position=\u00bb0%\u00bb custom_padding=\u00bb60px||60px|60px|true|false\u00bb custom_padding_tablet=\u00bb40px||40px|40px|true|false\u00bb custom_padding_phone=\u00bb20px||20px|20px|true|false\u00bb custom_padding_last_edited=\u00bbon|phone\u00bb global_colors_info=\u00bb{}\u00bb][\/et_pb_image][\/et_pb_column][et_pb_column type=\u00bb1_2&#8243; _builder_version=\u00bb4.17.6&#8243; _module_preset=\u00bbdefault\u00bb custom_padding=\u00bb||||false|false\u00bb custom_padding_tablet=\u00bb40px||||false|false\u00bb custom_padding_phone=\u00bb20px||||false|false\u00bb custom_padding_last_edited=\u00bbon|phone\u00bb global_colors_info=\u00bb{}\u00bb][et_pb_text _builder_version=\u00bb4.17.6&#8243; _module_preset=\u00bb7881ab5e-a97a-4c4b-9080-7f7a75e3a6bb\u00bb header_font=\u00bb||||||||\u00bb header_4_font=\u00bb|700||on|||||\u00bb header_4_text_color=\u00bb#000000&#8243; header_4_font_size=\u00bb22px\u00bb header_4_line_height=\u00bb1.6em\u00bb custom_margin=\u00bb||0px||false|false\u00bb header_4_font_size_tablet=\u00bb16px\u00bb header_4_font_size_phone=\u00bb14px\u00bb header_4_font_size_last_edited=\u00bbon|phone\u00bb global_colors_info=\u00bb{}\u00bb]<\/p>\n<h4>gas natural<\/h4>\n<p>[\/et_pb_text][et_pb_text _builder_version=\u00bb4.17.6&#8243; _module_preset=\u00bbf0cf31b9-b2e7-4752-a57c-6e2f73347b36&#8243; text_font=\u00bb||||||||\u00bb text_text_color=\u00bb#000000&#8243; text_font_size=\u00bb16px\u00bb text_line_height=\u00bb1.8em\u00bb text_font_size_tablet=\u00bb15px\u00bb text_font_size_phone=\u00bb14px\u00bb text_font_size_last_edited=\u00bbon|desktop\u00bb header_font_size_tablet=\u00bb55px\u00bb header_font_size_last_edited=\u00bboff|desktop\u00bb global_colors_info=\u00bb{}\u00bb]<\/p>\n<p>Adem\u00e1s de realizar toda la instalaci\u00f3n, nos encargamos de realizar todos los tr\u00e1mites necesarios con la compa\u00f1\u00eda distribuidora para que disponga del suministro de gas.<\/p>\n<p>Recibe la energ\u00eda en tu casa sin necesidad de hacer pedidos previos, ni sufrir cortes ni interrupciones en el servicio.<\/p>\n<p>El gas natural es una energ\u00eda limpia y respetuosa con el medio ambiente.<\/p>\n<p>El gas natural se consume tal y como sale de la tierra, sin pasar por procesos industriales contaminantes.<\/p>\n<p>[\/et_pb_text][et_pb_button button_url=\u00bbhttp:\/\/climagas.cat\/index.php\/contacte\/\u00bb button_text=\u00bbsol\u00b7licitar pressupost\u00bb _builder_version=\u00bb4.17.6&#8243; custom_button=\u00bbon\u00bb button_text_size=\u00bb14px\u00bb button_text_color=\u00bb#ffffff\u00bb button_bg_use_color_gradient=\u00bbon\u00bb button_bg_color_gradient_direction=\u00bb148deg\u00bb button_bg_color_gradient_stops=\u00bb#f46b6b 0%|#f50000 99%\u00bb button_bg_color_gradient_start=\u00bb#ffb565&#8243; button_bg_color_gradient_end=\u00bb#ff8e60&#8243; button_border_width=\u00bb0px\u00bb button_border_radius=\u00bb100px\u00bb button_letter_spacing=\u00bb2px\u00bb button_font=\u00bb|700||on|||||\u00bb custom_padding=\u00bb15px|34px|15px|34px|true|true\u00bb box_shadow_style=\u00bbpreset3&#8243; box_shadow_vertical=\u00bb10px\u00bb box_shadow_blur=\u00bb30px\u00bb box_shadow_spread=\u00bb-10px\u00bb box_shadow_color=\u00bbrgba(255,142,96,0.39)\u00bb locked=\u00bboff\u00bb global_colors_info=\u00bb{}\u00bb box_shadow_color__hover=\u00bb#2585b2&#8243; box_shadow_blur__hover_enabled=\u00bboff\u00bb box_shadow_blur__hover=\u00bb20px\u00bb box_shadow_vertical__hover_enabled=\u00bboff\u00bb box_shadow_vertical__hover=\u00bb10px\u00bb][\/et_pb_button][\/et_pb_column][\/et_pb_row][et_pb_row column_structure=\u00bb1_2,1_2&#8243; _builder_version=\u00bb4.17.6&#8243; _module_preset=\u00bbdefault\u00bb global_colors_info=\u00bb{}\u00bb][et_pb_column type=\u00bb1_2&#8243; _builder_version=\u00bb4.17.6&#8243; _module_preset=\u00bbdefault\u00bb custom_padding=\u00bb||||false|false\u00bb custom_padding_tablet=\u00bb40px||||false|false\u00bb custom_padding_phone=\u00bb20px||||false|false\u00bb custom_padding_last_edited=\u00bbon|phone\u00bb global_colors_info=\u00bb{}\u00bb][et_pb_text _builder_version=\u00bb4.17.6&#8243; _module_preset=\u00bb7881ab5e-a97a-4c4b-9080-7f7a75e3a6bb\u00bb header_font=\u00bb||||||||\u00bb header_4_font=\u00bb|700||on|||||\u00bb header_4_text_color=\u00bb#000000&#8243; header_4_font_size=\u00bb22px\u00bb header_4_line_height=\u00bb1.6em\u00bb custom_margin=\u00bb||0px||false|false\u00bb header_4_font_size_tablet=\u00bb16px\u00bb header_4_font_size_phone=\u00bb14px\u00bb header_4_font_size_last_edited=\u00bbon|phone\u00bb global_colors_info=\u00bb{}\u00bb]<\/p>\n<h4>gas propano (glp)<\/h4>\n<p>[\/et_pb_text][et_pb_text _builder_version=\u00bb4.17.6&#8243; _module_preset=\u00bbf0cf31b9-b2e7-4752-a57c-6e2f73347b36&#8243; text_font=\u00bbMontserrat||||||||\u00bb text_text_color=\u00bb#000000&#8243; text_font_size=\u00bb16px\u00bb text_line_height=\u00bb1.8em\u00bb text_font_size_tablet=\u00bb15px\u00bb text_font_size_phone=\u00bb14px\u00bb text_font_size_last_edited=\u00bbon|desktop\u00bb header_font_size_tablet=\u00bb55px\u00bb header_font_size_last_edited=\u00bboff|desktop\u00bb global_colors_info=\u00bb{}\u00bb]<\/p>\n<p>Instalamos dep\u00f3sitos de Gas Propano, all\u00ed donde no llega el Gas Natural, realizando una instalaci\u00f3n de gas a trav\u00e9s de dep\u00f3sitos, dotando a su vivienda o empresa de una gran autonom\u00eda energ\u00e9tica.<\/p>\n<p>El gas propano es la mejor soluci\u00f3n energ\u00e9tica si est\u00e1s alejado de una red canalizada de gas.<\/p>\n<p>El gas propano es el combustible de origen f\u00f3sil con las menores emisiones de CO2 i holl\u00edn, los dos principales factores del efecto invernadero y es compatible con las energ\u00edas renovables.<\/p>\n<p>[\/et_pb_text][et_pb_button button_url=\u00bbhttp:\/\/climagas.cat\/index.php\/contacte\/\u00bb button_text=\u00bbsol\u00b7licitar pressupost\u00bb _builder_version=\u00bb4.17.6&#8243; custom_button=\u00bbon\u00bb button_text_size=\u00bb14px\u00bb button_text_color=\u00bb#ffffff\u00bb button_bg_use_color_gradient=\u00bbon\u00bb button_bg_color_gradient_direction=\u00bb148deg\u00bb button_bg_color_gradient_stops=\u00bb#f46b6b 0%|#f50000 99%\u00bb button_bg_color_gradient_start=\u00bb#ffb565&#8243; button_bg_color_gradient_end=\u00bb#ff8e60&#8243; button_border_width=\u00bb0px\u00bb button_border_radius=\u00bb100px\u00bb button_letter_spacing=\u00bb2px\u00bb button_font=\u00bb|700||on|||||\u00bb custom_padding=\u00bb15px|34px|15px|34px|true|true\u00bb box_shadow_style=\u00bbpreset3&#8243; box_shadow_vertical=\u00bb10px\u00bb box_shadow_blur=\u00bb30px\u00bb box_shadow_spread=\u00bb-10px\u00bb box_shadow_color=\u00bbrgba(255,142,96,0.39)\u00bb locked=\u00bboff\u00bb global_colors_info=\u00bb{}\u00bb box_shadow_color__hover=\u00bb#2585b2&#8243; box_shadow_blur__hover_enabled=\u00bboff\u00bb box_shadow_blur__hover=\u00bb20px\u00bb box_shadow_vertical__hover_enabled=\u00bboff\u00bb box_shadow_vertical__hover=\u00bb10px\u00bb][\/et_pb_button][\/et_pb_column][et_pb_column type=\u00bb1_2&#8243; _builder_version=\u00bb4.17.6&#8243; _module_preset=\u00bbdefault\u00bb border_radii=\u00bboff||50px|50px|\u00bb global_colors_info=\u00bb{}\u00bb][et_pb_image src=\u00bbhttp:\/\/climagas.cat\/wp-content\/uploads\/2022\/08\/fotonoticia_20160806165956_640-300&#215;185.jpg\u00bb title_text=\u00bbfotonoticia_20160806165956_640&#8243; force_fullwidth=\u00bbon\u00bb _builder_version=\u00bb4.17.6&#8243; _module_preset=\u00bbdefault\u00bb use_background_color_gradient=\u00bbon\u00bb background_color_gradient_direction=\u00bb90deg\u00bb background_color_gradient_stops=\u00bb#ffffff 50%|#f50000 50%\u00bb background_color_gradient_start=\u00bb#ffffff\u00bb background_color_gradient_start_position=\u00bb50%\u00bb background_color_gradient_end=\u00bb#d8d8d8&#8243; background_color_gradient_end_position=\u00bb0%\u00bb custom_padding=\u00bb60px|40px|60px|60px|true|false\u00bb custom_padding_tablet=\u00bb40px||40px|40px|true|false\u00bb custom_padding_phone=\u00bb20px||20px|20px|true|false\u00bb custom_padding_last_edited=\u00bbon|phone\u00bb global_colors_info=\u00bb{}\u00bb][\/et_pb_image][\/et_pb_column][\/et_pb_row][\/et_pb_section]<\/p>\n","protected":false},"excerpt":{"rendered":"<p>GasSomos especialistas en c\u00e1lculo, dise\u00f1o, instalaci\u00f3n y puesta en servicio de instalaciones de gas, tanto de gas natural com de gas propano (GLP) en los distintos mercados; dom\u00e9stico e industrial. El gas es una energ\u00eda eficiente y moderna. Gozar\u00e1s de confort y bienestar en tu casa y tu empresa ser\u00e1 m\u00e1s competitiva y rentable con [&hellip;]<\/p>\n","protected":false},"author":5,"featured_media":0,"parent":0,"menu_order":0,"comment_status":"closed","ping_status":"closed","template":"","meta":{"_et_pb_use_builder":"on","_et_pb_old_content":"","_et_gb_content_width":""},"_links":{"self":[{"href":"https:\/\/climagas.cat\/es\/wp-json\/wp\/v2\/pages\/5241"}],"collection":[{"href":"https:\/\/climagas.cat\/es\/wp-json\/wp\/v2\/pages"}],"about":[{"href":"https:\/\/climagas.cat\/es\/wp-json\/wp\/v2\/types\/page"}],"author":[{"embeddable":true,"href":"https:\/\/climagas.cat\/es\/wp-json\/wp\/v2\/users\/5"}],"replies":[{"embeddable":true,"href":"https:\/\/climagas.cat\/es\/wp-json\/wp\/v2\/comments?post=5241"}],"version-history":[{"count":0,"href":"https:\/\/climagas.cat\/es\/wp-json\/wp\/v2\/pages\/5241\/revisions"}],"wp:attachment":[{"href":"https:\/\/climagas.cat\/es\/wp-json\/wp\/v2\/media?parent=5241"}],"curies":[{"name":"wp","href":"https:\/\/api.w.org\/{rel}","templated":true}]}}